{"id":914,"date":"2014-10-28T00:12:35","date_gmt":"2014-10-27T22:12:35","guid":{"rendered":"http:\/\/bozkurtotomat.com\/?page_id=914"},"modified":"2017-10-10T20:40:31","modified_gmt":"2017-10-10T17:40:31","slug":"urun-orneklerimiz","status":"publish","type":"page","link":"https:\/\/bozkurtotomat.com\/?page_id=914","title":{"rendered":"\u00dcr\u00fcn \u00d6rneklerimiz"},"content":{"rendered":"<p>[vc_row][vc_column width=&#8221;1\/3&#8243;][vc_single_image image=&#8221;1070&#8243; img_size=&#8221;200&#215;200&#8243; alignment=&#8221;center&#8221; style=&#8221;vc_box_shadow_border&#8221; css_animation=&#8221;appear&#8221;][vc_single_image image=&#8221;1071&#8243; img_size=&#8221;200&#215;200&#8243; alignment=&#8221;center&#8221; style=&#8221;vc_box_shadow_border&#8221; css_animation=&#8221;appear&#8221;][vc_single_image image=&#8221;1072&#8243; img_size=&#8221;200&#215;200&#8243; alignment=&#8221;center&#8221; style=&#8221;vc_box_shadow_border&#8221; css_animation=&#8221;appear&#8221;][vc_single_image image=&#8221;1073&#8243; img_size=&#8221;200&#215;200&#8243; alignment=&#8221;center&#8221; style=&#8221;vc_box_shadow_border&#8221; css_animation=&#8221;appear&#8221;][vc_single_image image=&#8221;1074&#8243; img_size=&#8221;200&#215;200&#8243; alignment=&#8221;center&#8221; style=&#8221;vc_box_shadow_border&#8221; css_animation=&#8221;appear&#8221;][vc_single_image image=&#8221;1075&#8243; img_size=&#8221;200&#215;200&#8243; alignment=&#8221;center&#8221; style=&#8221;vc_box_shadow_border&#8221; css_animation=&#8221;appear&#8221;][\/vc_column][vc_column width=&#8221;1\/3&#8243;][vc_single_image image=&#8221;1076&#8243; img_size=&#8221;200&#215;200&#8243; alignment=&#8221;center&#8221; style=&#8221;vc_box_shadow_border&#8221; css_animation=&#8221;appear&#8221;][vc_single_image image=&#8221;1077&#8243; img_size=&#8221;200&#215;200&#8243; alignment=&#8221;center&#8221; style=&#8221;vc_box_shadow_border&#8221; css_animation=&#8221;appear&#8221;][vc_single_image image=&#8221;1078&#8243; img_size=&#8221;200&#215;200&#8243; alignment=&#8221;center&#8221; style=&#8221;vc_box_shadow_border&#8221; css_animation=&#8221;appear&#8221;][vc_single_image image=&#8221;1079&#8243; img_size=&#8221;200&#215;200&#8243; alignment=&#8221;center&#8221; style=&#8221;vc_box_shadow_border&#8221; css_animation=&#8221;appear&#8221;][vc_single_image image=&#8221;1080&#8243; img_size=&#8221;200&#215;200&#8243; alignment=&#8221;center&#8221; style=&#8221;vc_box_shadow_border&#8221; css_animation=&#8221;appear&#8221;][vc_single_image image=&#8221;1081&#8243; img_size=&#8221;200&#215;200&#8243; alignment=&#8221;center&#8221; style=&#8221;vc_box_shadow_border&#8221; css_animation=&#8221;appear&#8221;][\/vc_column][vc_column width=&#8221;1\/3&#8243;][vc_single_image image=&#8221;1082&#8243; img_size=&#8221;200&#215;200&#8243; alignment=&#8221;center&#8221; style=&#8221;vc_box_shadow_border&#8221; css_animation=&#8221;appear&#8221;][vc_single_image image=&#8221;1117&#8243; img_size=&#8221;200&#215;200&#8243; alignment=&#8221;center&#8221; style=&#8221;vc_box_shadow_border&#8221; css_animation=&#8221;appear&#8221;][vc_single_image image=&#8221;1118&#8243; img_size=&#8221;200&#215;200&#8243; alignment=&#8221;center&#8221; style=&#8221;vc_box_shadow_border&#8221; css_animation=&#8221;appear&#8221;][vc_single_image image=&#8221;1086&#8243; img_size=&#8221;200&#215;200&#8243; alignment=&#8221;center&#8221; style=&#8221;vc_box_shadow_border&#8221; css_animation=&#8221;appear&#8221;][vc_single_image image=&#8221;1087&#8243; img_size=&#8221;200&#215;200&#8243; alignment=&#8221;center&#8221; style=&#8221;vc_box_shadow_border&#8221; css_animation=&#8221;appear&#8221;][\/vc_column][\/vc_row]<\/p>\n","protected":false},"excerpt":{"rendered":"<p>[vc_row][vc_column width=&#8221;1\/3&#8243;][vc_single_image image=&#8221;1070&#8243; img_size=&#8221;200&#215;200&#8243; alignment=&#8221;center&#8221; style=&#8221;vc_box_shadow_border&#8221; css_animation=&#8221;appear&#8221;][vc_single_image image=&#8221;1071&#8243; img_size=&#8221;200&#215;200&#8243; alignment=&#8221;center&#8221; style=&#8221;vc_box_shadow_border&#8221; css_animation=&#8221;appear&#8221;][vc_single_image image=&#8221;1072&#8243; img_size=&#8221;200&#215;200&#8243; alignment=&#8221;center&#8221; style=&#8221;vc_box_shadow_border&#8221; css_animation=&#8221;appear&#8221;][vc_single_image image=&#8221;1073&#8243; img_size=&#8221;200&#215;200&#8243; alignment=&#8221;center&#8221; style=&#8221;vc_box_shadow_border&#8221; css_animation=&#8221;appear&#8221;][vc_single_image image=&#8221;1074&#8243; img_size=&#8221;200&#215;200&#8243; alignment=&#8221;center&#8221; style=&#8221;vc_box_shadow_border&#8221; css_animation=&#8221;appear&#8221;][vc_single_image image=&#8221;1075&#8243; img_size=&#8221;200&#215;200&#8243; alignment=&#8221;center&#8221; style=&#8221;vc_box_shadow_border&#8221; css_animation=&#8221;appear&#8221;][\/vc_column][vc_column width=&#8221;1\/3&#8243;][vc_single_image image=&#8221;1076&#8243; img_size=&#8221;200&#215;200&#8243; alignment=&#8221;center&#8221; style=&#8221;vc_box_shadow_border&#8221; css_animation=&#8221;appear&#8221;][vc_single_image image=&#8221;1077&#8243; img_size=&#8221;200&#215;200&#8243; alignment=&#8221;center&#8221; style=&#8221;vc_box_shadow_border&#8221; css_animation=&#8221;appear&#8221;][vc_single_image image=&#8221;1078&#8243; img_size=&#8221;200&#215;200&#8243; alignment=&#8221;center&#8221; style=&#8221;vc_box_shadow_border&#8221; css_animation=&#8221;appear&#8221;][vc_single_image image=&#8221;1079&#8243; img_size=&#8221;200&#215;200&#8243; alignment=&#8221;center&#8221; style=&#8221;vc_box_shadow_border&#8221; css_animation=&#8221;appear&#8221;][vc_single_image image=&#8221;1080&#8243; img_size=&#8221;200&#215;200&#8243;<\/p>\n","protected":false},"author":1,"featured_media":0,"parent":0,"menu_order":0,"comment_status":"closed","ping_status":"closed","template":"","meta":[],"_links":{"self":[{"href":"https:\/\/bozkurtotomat.com\/index.php?rest_route=\/wp\/v2\/pages\/914"}],"collection":[{"href":"https:\/\/bozkurtotomat.com\/index.php?rest_route=\/wp\/v2\/pages"}],"about":[{"href":"https:\/\/bozkurtotomat.com\/index.php?rest_route=\/wp\/v2\/types\/page"}],"author":[{"embeddable":true,"href":"https:\/\/bozkurtotomat.com\/index.php?rest_route=\/wp\/v2\/users\/1"}],"replies":[{"embeddable":true,"href":"https:\/\/bozkurtotomat.com\/index.php?rest_route=%2Fwp%2Fv2%2Fcomments&post=914"}],"version-history":[{"count":11,"href":"https:\/\/bozkurtotomat.com\/index.php?rest_route=\/wp\/v2\/pages\/914\/revisions"}],"predecessor-version":[{"id":1134,"href":"https:\/\/bozkurtotomat.com\/index.php?rest_route=\/wp\/v2\/pages\/914\/revisions\/1134"}],"wp:attachment":[{"href":"https:\/\/bozkurtotomat.com\/index.php?rest_route=%2Fwp%2Fv2%2Fmedia&parent=914"}],"curies":[{"name":"wp","href":"https:\/\/api.w.org\/{rel}","templated":true}]}}