{"id":901,"date":"2014-10-28T00:08:56","date_gmt":"2014-10-27T22:08:56","guid":{"rendered":"http:\/\/bozkurtotomat.com\/?page_id=901"},"modified":"2015-05-04T00:52:59","modified_gmt":"2015-05-03T21:52:59","slug":"makine-parkuru","status":"publish","type":"page","link":"https:\/\/bozkurtotomat.com\/?page_id=901","title":{"rendered":"Makine Parkuru"},"content":{"rendered":"<p>[vc_row][vc_column width=&#8221;2\/3&#8243;][vc_gallery type=&#8221;image_grid&#8221; interval=&#8221;3&#8243; images=&#8221;978,977,976,975,974,973,972,971,970,969,968,967,966,965,964,963,962,961,1068,1067&#8243; onclick=&#8221;link_image&#8221; custom_links_target=&#8221;_self&#8221;][\/vc_column][vc_column width=&#8221;1\/3&#8243;][vc_column_text]CNC FREZE D\u0130K \u0130\u015eLEM MCV-116BA 1300X600<br \/>\nM\u0130YANO CNC C EKSEN BNC-425C<br \/>\nM\u0130YANO CNC BNC42 C5<br \/>\nM\u0130YANO CNC BNC-34C3 BC330543<br \/>\nHWACHEON CNC H\u0130-TECH 200A 8\u00a8 \u0130N\u00c7<br \/>\nOVALAMA MAK\u0130NASI HK20 FU FULL AKS 20 TON<br \/>\nKALIP\u00c7I UN\u0130VERSAL FREZE DELTA DT300 SH BT40<br \/>\nUN\u0130VERSAL TORNA TEZGAHI 1,5 MTRE<br \/>\nOTOMAT TEZGAHI METOAT M26<br \/>\nKAMSAN ROVELVER M60<br \/>\nKAMSAN 42 L\u0130K ROVELVER<br \/>\nROVELVER TORNA METOAT 20<br \/>\nMATKAP TEZGAHI Q13 SW\u0130\u00c7L\u0130<br \/>\nMATKAP TEZGAHI Q13 SW\u0130\u00c7L\u0130<br \/>\nMATKAP TEZGAHI Q13 SW\u0130\u00c7L\u0130<br \/>\nMATKAP TEZGAHI Q13 SW\u0130\u00c7L\u0130<br \/>\nMATKAP TEZGAHI Q25 SW\u0130\u00c7L\u0130<br \/>\nRM30 MATKAP TEZGAHI RETOSAN OTOMAT\u0130K D\u0130\u015e \u00c7EKME<br \/>\n\u015eER\u0130T TESTERE MAK\u0130NASI DEM\u0130R KES\u0130C\u0130 ALF 280<br \/>\nKOMPRES\u00d6R TK36 200<br \/>\nPAFTAR MONARAY V\u0130N\u00c7 2T 4HR 9M<br \/>\nGAZ ALTI KAYNAK MAK\u0130NASI[\/vc_column_text][\/vc_column][\/vc_row]<\/p>\n","protected":false},"excerpt":{"rendered":"<p>[vc_row][vc_column width=&#8221;2\/3&#8243;][vc_gallery type=&#8221;image_grid&#8221; interval=&#8221;3&#8243; images=&#8221;978,977,976,975,974,973,972,971,970,969,968,967,966,965,964,963,962,961,1068,1067&#8243; onclick=&#8221;link_image&#8221; custom_links_target=&#8221;_self&#8221;][\/vc_column][vc_column width=&#8221;1\/3&#8243;][vc_column_text]CNC FREZE D\u0130K \u0130\u015eLEM MCV-116BA 1300X600 M\u0130YANO CNC C EKSEN BNC-425C M\u0130YANO CNC BNC42 C5 M\u0130YANO CNC BNC-34C3 BC330543 HWACHEON CNC H\u0130-TECH 200A 8\u00a8 \u0130N\u00c7 OVALAMA MAK\u0130NASI HK20 FU FULL AKS 20 TON KALIP\u00c7I UN\u0130VERSAL FREZE DELTA DT300 SH BT40 UN\u0130VERSAL TORNA TEZGAHI 1,5 MTRE OTOMAT TEZGAHI METOAT<\/p>\n","protected":false},"author":1,"featured_media":0,"parent":0,"menu_order":0,"comment_status":"closed","ping_status":"closed","template":"","meta":[],"_links":{"self":[{"href":"https:\/\/bozkurtotomat.com\/index.php?rest_route=\/wp\/v2\/pages\/901"}],"collection":[{"href":"https:\/\/bozkurtotomat.com\/index.php?rest_route=\/wp\/v2\/pages"}],"about":[{"href":"https:\/\/bozkurtotomat.com\/index.php?rest_route=\/wp\/v2\/types\/page"}],"author":[{"embeddable":true,"href":"https:\/\/bozkurtotomat.com\/index.php?rest_route=\/wp\/v2\/users\/1"}],"replies":[{"embeddable":true,"href":"https:\/\/bozkurtotomat.com\/index.php?rest_route=%2Fwp%2Fv2%2Fcomments&post=901"}],"version-history":[{"count":7,"href":"https:\/\/bozkurtotomat.com\/index.php?rest_route=\/wp\/v2\/pages\/901\/revisions"}],"predecessor-version":[{"id":1069,"href":"https:\/\/bozkurtotomat.com\/index.php?rest_route=\/wp\/v2\/pages\/901\/revisions\/1069"}],"wp:attachment":[{"href":"https:\/\/bozkurtotomat.com\/index.php?rest_route=%2Fwp%2Fv2%2Fmedia&parent=901"}],"curies":[{"name":"wp","href":"https:\/\/api.w.org\/{rel}","templated":true}]}}