{"id":898,"date":"2014-10-28T00:07:24","date_gmt":"2014-10-27T22:07:24","guid":{"rendered":"http:\/\/bozkurtotomat.com\/?page_id=898"},"modified":"2021-01-29T15:21:44","modified_gmt":"2021-01-29T12:21:44","slug":"hakkimizda","status":"publish","type":"page","link":"https:\/\/bozkurtotomat.com\/?page_id=898","title":{"rendered":"Hakk\u0131m\u0131zda"},"content":{"rendered":"<p>[vc_row][vc_column width=&#8221;1\/2&#8243;][TS-VCSC-Lightbox-Image content_image=&#8221;954&#8243; content_image_size=&#8221;medium&#8221; lightbox_size=&#8221;full&#8221; content_title=&#8221;Cafer Bozkurt&#8221; attribute_alt=&#8221;false&#8221; content_image_responsive=&#8221;true&#8221; content_image_height=&#8221;height: 100%;&#8221; content_image_width_r=&#8221;100&#8243; content_image_width_f=&#8221;300&#8243; lightbox_group=&#8221;true&#8221; lightbox_effect=&#8221;random&#8221; lightbox_backlight=&#8221;auto&#8221; lightbox_backlight_color=&#8221;#ffffff&#8221; margin_top=&#8221;0&#8243; margin_bottom=&#8221;0&#8243;][\/vc_column][vc_column width=&#8221;1\/2&#8243;][vc_column_text]<\/p>\n<p style=\"text-align: justify;\">Firmam\u0131z 1988 y\u0131l\u0131nda BOZKURT OTOMAT unvan\u0131 ile Bursa\u2019da ticari faaliyetlerine ba\u015flam\u0131\u015ft\u0131r. Rovelver ve Otomat makineleriyle seri \u00fcretime ba\u015flayan firmam\u0131z fason imalat konusunda \u00f6nc\u00fc firmalardan biri olmu\u015ftur.<\/p>\n<p style=\"text-align: justify;\">Firma olarak otomotiv sekt\u00f6rlerine hizmet vermekteyiz. Tala\u015fl\u0131 imalat konusunda devaml\u0131 yenilik, kalite ve hizmet anlay\u0131\u015f\u0131n\u0131 \u00f6n planda tutarak, CNC torna, CNC otomat ve freze tezgahlar\u0131n\u0131 da b\u00fcnyemize alarak, \u00fcretimimize devam etmekteyiz.<\/p>\n<p>[\/vc_column_text][\/vc_column][\/vc_row][vc_row][vc_column width=&#8221;1\/1&#8243;][vc_column_text]<\/p>\n<p style=\"text-align: justify;\">E\u011fitimli ve deneyimli kadromuzla sizlere daha iyi hizmet verebilmek i\u00e7in ISO 9001-2000 kalitesiyle sizlerin g\u00fcvenine lay\u0131k olmaya \u00e7al\u0131\u015fmaktay\u0131z.<\/p>\n<p style=\"text-align: justify;\">SAYGILARIMIZLA<\/p>\n<p>[\/vc_column_text][\/vc_column][\/vc_row]<\/p>\n","protected":false},"excerpt":{"rendered":"<p>[vc_row][vc_column width=&#8221;1\/2&#8243;][TS-VCSC-Lightbox-Image content_image=&#8221;954&#8243; content_image_size=&#8221;medium&#8221; lightbox_size=&#8221;full&#8221; content_title=&#8221;Cafer Bozkurt&#8221; attribute_alt=&#8221;false&#8221; content_image_responsive=&#8221;true&#8221; content_image_height=&#8221;height: 100%;&#8221; content_image_width_r=&#8221;100&#8243; content_image_width_f=&#8221;300&#8243; lightbox_group=&#8221;true&#8221; lightbox_effect=&#8221;random&#8221; lightbox_backlight=&#8221;auto&#8221; lightbox_backlight_color=&#8221;#ffffff&#8221; margin_top=&#8221;0&#8243; margin_bottom=&#8221;0&#8243;][\/vc_column][vc_column width=&#8221;1\/2&#8243;][vc_column_text] Firmam\u0131z 1988 y\u0131l\u0131nda BOZKURT OTOMAT unvan\u0131 ile Bursa\u2019da ticari faaliyetlerine ba\u015flam\u0131\u015ft\u0131r. Rovelver ve Otomat makineleriyle seri \u00fcretime ba\u015flayan firmam\u0131z fason imalat konusunda \u00f6nc\u00fc firmalardan biri olmu\u015ftur. Firma olarak otomotiv sekt\u00f6rlerine hizmet vermekteyiz. Tala\u015fl\u0131 imalat konusunda<\/p>\n","protected":false},"author":1,"featured_media":0,"parent":0,"menu_order":0,"comment_status":"closed","ping_status":"closed","template":"","meta":[],"_links":{"self":[{"href":"https:\/\/bozkurtotomat.com\/index.php?rest_route=\/wp\/v2\/pages\/898"}],"collection":[{"href":"https:\/\/bozkurtotomat.com\/index.php?rest_route=\/wp\/v2\/pages"}],"about":[{"href":"https:\/\/bozkurtotomat.com\/index.php?rest_route=\/wp\/v2\/types\/page"}],"author":[{"embeddable":true,"href":"https:\/\/bozkurtotomat.com\/index.php?rest_route=\/wp\/v2\/users\/1"}],"replies":[{"embeddable":true,"href":"https:\/\/bozkurtotomat.com\/index.php?rest_route=%2Fwp%2Fv2%2Fcomments&post=898"}],"version-history":[{"count":22,"href":"https:\/\/bozkurtotomat.com\/index.php?rest_route=\/wp\/v2\/pages\/898\/revisions"}],"predecessor-version":[{"id":1145,"href":"https:\/\/bozkurtotomat.com\/index.php?rest_route=\/wp\/v2\/pages\/898\/revisions\/1145"}],"wp:attachment":[{"href":"https:\/\/bozkurtotomat.com\/index.php?rest_route=%2Fwp%2Fv2%2Fmedia&parent=898"}],"curies":[{"name":"wp","href":"https:\/\/api.w.org\/{rel}","templated":true}]}}