{"id":866,"date":"2014-10-27T23:56:06","date_gmt":"2014-10-27T21:56:06","guid":{"rendered":"http:\/\/bozkurtotomat.com\/?page_id=866"},"modified":"2017-10-10T20:39:35","modified_gmt":"2017-10-10T17:39:35","slug":"ana-sayfa","status":"publish","type":"page","link":"https:\/\/bozkurtotomat.com\/","title":{"rendered":"Ana Sayfa"},"content":{"rendered":"<p>[vc_row][vc_column width=&#8221;3\/4&#8243;][vc_empty_space height=&#8221;15px&#8221;][rev_slider_vc alias=&#8221;homeslider_boxed&#8221;][\/vc_column][vc_column width=&#8221;1\/4&#8243;][vc_empty_space height=&#8221;15px&#8221;][vc_column_text]<\/p>\n<p style=\"text-align: center;\">\u00dcr\u00fcn \u00f6rneklerimiz.<\/p>\n<p>[\/vc_column_text][vc_images_carousel images=&#8221;1087,1086,1082,1081,1080,1079,1078,1077,1076,1075,1074,1073,1072,1071,1070,1117,1118&#8243; img_size=&#8221;220&#215;200&#8243; onclick=&#8221;link_no&#8221; mode=&#8221;vertical&#8221; speed=&#8221;3000&#8243; autoplay=&#8221;yes&#8221; hide_pagination_control=&#8221;yes&#8221;][\/vc_column][\/vc_row][vc_row][vc_column width=&#8221;1\/3&#8243;][TS-VCSC-Icon-Box-Tiny style=&#8221;icon_top&#8221; title=&#8221;M\u00fc\u015fteri Memnuniyeti&#8221; title_size=&#8221;18&#8243; title_weight=&#8221;normal&#8221; icon=&#8221;ts-awesome-asterisk&#8221; icon_color=&#8221;#1e73be&#8221; icon_size_slide=&#8221;60&#8243; icon_margin=&#8221;8&#8243; box_border_type=&#8221;solid&#8221; box_border_color=&#8221;#999999&#8243; animations=&#8221;true&#8221; animation_box=&#8221;ts-css-effect3&#8243;]<\/p>\n<p style=\"text-align: justify;\">M\u00fc\u015fterilerimizi en y\u00fcksek d\u00fczeyde memnun etmek, g\u00fcvenini ve sadakatini kazanmak i\u00e7in t\u00fcm faaliyetlerimizde m\u00fc\u015fteri odakl\u0131 bir yakla\u015f\u0131m benimseriz.<\/p>\n<p>[\/TS-VCSC-Icon-Box-Tiny][\/vc_column][vc_column width=&#8221;1\/3&#8243;][TS-VCSC-Icon-Box-Tiny style=&#8221;icon_top&#8221; title=&#8221;Kaliteli Personel&#8221; title_size=&#8221;18&#8243; title_weight=&#8221;normal&#8221; icon=&#8221;ts-awesome-asterisk&#8221; icon_color=&#8221;#1e73be&#8221; icon_size_slide=&#8221;60&#8243; icon_margin=&#8221;8&#8243; box_border_type=&#8221;solid&#8221; box_border_color=&#8221;#999999&#8243; animations=&#8221;true&#8221; animation_box=&#8221;ts-css-effect3&#8243;]<\/p>\n<p style=\"text-align: justify;\">Daha iyi ve kaliteli hizmet verme anlay\u0131\u015f\u0131nda oldu\u011fumuz i\u00e7in hizmet i\u00e7i e\u011fitime \u00f6nem veriyoruz. \u00d6ncelikli hedefimiz insana yat\u0131r\u0131m yapmak !<\/p>\n<p>[\/TS-VCSC-Icon-Box-Tiny][\/vc_column][vc_column width=&#8221;1\/3&#8243;][TS-VCSC-Icon-Box-Tiny style=&#8221;icon_top&#8221; title=&#8221;Do\u011faya Sayg\u0131l\u0131y\u0131z&#8221; title_size=&#8221;18&#8243; title_weight=&#8221;normal&#8221; icon=&#8221;ts-awesome-asterisk&#8221; icon_color=&#8221;#1e73be&#8221; icon_size_slide=&#8221;60&#8243; icon_margin=&#8221;8&#8243; box_border_type=&#8221;solid&#8221; box_border_color=&#8221;#999999&#8243; animations=&#8221;true&#8221; animation_box=&#8221;ts-css-effect3&#8243;]<\/p>\n<p style=\"text-align: justify;\">Ya\u015fad\u0131\u011f\u0131m\u0131z \u00e7evreyi korumak hepimizin g\u00f6revidir. Bu y\u00fczden \u00fcretim politikalar\u0131m\u0131z\u0131n olu\u015ftururken Do\u011faya daha fazla sayg\u0131 duyan y\u00f6ntemler kullan\u0131yoruz.<\/p>\n<p>[\/TS-VCSC-Icon-Box-Tiny][\/vc_column][\/vc_row][vc_row][vc_column][vc_column_text]<\/p>\n<div class=\"blank floated\">\n    <div class=\"four columns carousel-intro\">\n    <section class=\"entire\">\n    <h3>\u00dcretim Alanlar\u0131m\u0131z<\/h3>\n    <p><\/p>\n    <\/section>\n    <div class=\"carousel-navi\">\n    <div id=\"work-prev\" class=\"arl jcarousel-prev\"><i class=\"icon-chevron-left\"><\/i><\/div>\n    <div id=\"work-next\" class=\"arr jcarousel-next\"><i class=\"icon-chevron-right\"><\/i><\/div>\n    <\/div>\n    <div class=\"clearfix\"><\/div>\n    <\/div>\n    <section class=\"jcarousel recent-work-jc\"><ul><li class=\"four columns\"><a href=\"https:\/\/bozkurtotomat.com\/?portfolio=talasli-imalat\" class=\"portfolio-item\"><figure><img width=\"300\" height=\"218\" src=\"https:\/\/bozkurtotomat.com\/wp-content\/uploads\/2013\/02\/talasli-imalat-300x218.jpg\" class=\"attachment-portfolio-thumb size-portfolio-thumb wp-post-image\" alt=\"\" loading=\"lazy\" srcset=\"https:\/\/bozkurtotomat.com\/wp-content\/uploads\/2013\/02\/talasli-imalat-300x218.jpg 300w, https:\/\/bozkurtotomat.com\/wp-content\/uploads\/2013\/02\/talasli-imalat-220x160.jpg 220w\" sizes=\"(max-width: 300px) 100vw, 300px\" \/><figcaption class=\"item-description\"><h5>Tala\u015fl\u0131 \u0130malat<\/h5><\/figcaption><\/figure><\/a><\/li><li class=\"four columns\"><a href=\"https:\/\/bozkurtotomat.com\/?portfolio=otomotiv-parcalari\" class=\"portfolio-item\"><figure><img width=\"300\" height=\"218\" src=\"https:\/\/bozkurtotomat.com\/wp-content\/uploads\/2013\/02\/otomotiv-parcalari-300x218.jpg\" class=\"attachment-portfolio-thumb size-portfolio-thumb wp-post-image\" alt=\"\" loading=\"lazy\" srcset=\"https:\/\/bozkurtotomat.com\/wp-content\/uploads\/2013\/02\/otomotiv-parcalari-300x218.jpg 300w, https:\/\/bozkurtotomat.com\/wp-content\/uploads\/2013\/02\/otomotiv-parcalari-220x160.jpg 220w\" sizes=\"(max-width: 300px) 100vw, 300px\" \/><figcaption class=\"item-description\"><h5>Otomotiv Par\u00e7alar\u0131<\/h5><\/figcaption><\/figure><\/a><\/li><li class=\"four columns\"><a href=\"https:\/\/bozkurtotomat.com\/?portfolio=makine-parcalari\" class=\"portfolio-item\"><figure><img width=\"300\" height=\"218\" src=\"https:\/\/bozkurtotomat.com\/wp-content\/uploads\/2013\/02\/main-port-300x218.png\" class=\"attachment-portfolio-thumb size-portfolio-thumb wp-post-image\" alt=\"\" loading=\"lazy\" srcset=\"https:\/\/bozkurtotomat.com\/wp-content\/uploads\/2013\/02\/main-port-300x218.png 300w, https:\/\/bozkurtotomat.com\/wp-content\/uploads\/2013\/02\/main-port-220x160.png 220w\" sizes=\"(max-width: 300px) 100vw, 300px\" \/><figcaption class=\"item-description\"><h5>Makine Par\u00e7alar\u0131<\/h5><\/figcaption><\/figure><\/a><\/li><li class=\"four columns\"><a href=\"https:\/\/bozkurtotomat.com\/?portfolio=mobilya-aksesuarlari\" class=\"portfolio-item\"><figure><img width=\"300\" height=\"218\" src=\"https:\/\/bozkurtotomat.com\/wp-content\/uploads\/2013\/02\/mobilya-aksesuarlari-300x218.jpg\" class=\"attachment-portfolio-thumb size-portfolio-thumb wp-post-image\" alt=\"\" loading=\"lazy\" srcset=\"https:\/\/bozkurtotomat.com\/wp-content\/uploads\/2013\/02\/mobilya-aksesuarlari-300x218.jpg 300w, https:\/\/bozkurtotomat.com\/wp-content\/uploads\/2013\/02\/mobilya-aksesuarlari-220x160.jpg 220w\" sizes=\"(max-width: 300px) 100vw, 300px\" \/><figcaption class=\"item-description\"><h5>Otomotiv Aksesuarlar\u0131<\/h5><\/figcaption><\/figure><\/a><\/li><\/ul><\/section><\/div>\n<p>[\/vc_column_text][\/vc_column][\/vc_row]<\/p>\n","protected":false},"excerpt":{"rendered":"<p>[vc_row][vc_column width=&#8221;3\/4&#8243;][vc_empty_space height=&#8221;15px&#8221;][rev_slider_vc alias=&#8221;homeslider_boxed&#8221;][\/vc_column][vc_column width=&#8221;1\/4&#8243;][vc_empty_space height=&#8221;15px&#8221;][vc_column_text] \u00dcr\u00fcn \u00f6rneklerimiz. [\/vc_column_text][vc_images_carousel images=&#8221;1087,1086,1082,1081,1080,1079,1078,1077,1076,1075,1074,1073,1072,1071,1070,1117,1118&#8243; img_size=&#8221;220&#215;200&#8243; onclick=&#8221;link_no&#8221; mode=&#8221;vertical&#8221; speed=&#8221;3000&#8243; autoplay=&#8221;yes&#8221; hide_pagination_control=&#8221;yes&#8221;][\/vc_column][\/vc_row][vc_row][vc_column width=&#8221;1\/3&#8243;][TS-VCSC-Icon-Box-Tiny style=&#8221;icon_top&#8221; title=&#8221;M\u00fc\u015fteri Memnuniyeti&#8221; title_size=&#8221;18&#8243; title_weight=&#8221;normal&#8221; icon=&#8221;ts-awesome-asterisk&#8221; icon_color=&#8221;#1e73be&#8221; icon_size_slide=&#8221;60&#8243; icon_margin=&#8221;8&#8243; box_border_type=&#8221;solid&#8221; box_border_color=&#8221;#999999&#8243; animations=&#8221;true&#8221; animation_box=&#8221;ts-css-effect3&#8243;] M\u00fc\u015fterilerimizi en y\u00fcksek d\u00fczeyde memnun etmek, g\u00fcvenini ve sadakatini kazanmak i\u00e7in t\u00fcm faaliyetlerimizde m\u00fc\u015fteri odakl\u0131 bir yakla\u015f\u0131m benimseriz. [\/TS-VCSC-Icon-Box-Tiny][\/vc_column][vc_column width=&#8221;1\/3&#8243;][TS-VCSC-Icon-Box-Tiny style=&#8221;icon_top&#8221; title=&#8221;Kaliteli Personel&#8221; title_size=&#8221;18&#8243; title_weight=&#8221;normal&#8221;<\/p>\n","protected":false},"author":1,"featured_media":0,"parent":0,"menu_order":0,"comment_status":"open","ping_status":"open","template":"template-home.php","meta":[],"_links":{"self":[{"href":"https:\/\/bozkurtotomat.com\/index.php?rest_route=\/wp\/v2\/pages\/866"}],"collection":[{"href":"https:\/\/bozkurtotomat.com\/index.php?rest_route=\/wp\/v2\/pages"}],"about":[{"href":"https:\/\/bozkurtotomat.com\/index.php?rest_route=\/wp\/v2\/types\/page"}],"author":[{"embeddable":true,"href":"https:\/\/bozkurtotomat.com\/index.php?rest_route=\/wp\/v2\/users\/1"}],"replies":[{"embeddable":true,"href":"https:\/\/bozkurtotomat.com\/index.php?rest_route=%2Fwp%2Fv2%2Fcomments&post=866"}],"version-history":[{"count":48,"href":"https:\/\/bozkurtotomat.com\/index.php?rest_route=\/wp\/v2\/pages\/866\/revisions"}],"predecessor-version":[{"id":1133,"href":"https:\/\/bozkurtotomat.com\/index.php?rest_route=\/wp\/v2\/pages\/866\/revisions\/1133"}],"wp:attachment":[{"href":"https:\/\/bozkurtotomat.com\/index.php?rest_route=%2Fwp%2Fv2%2Fmedia&parent=866"}],"curies":[{"name":"wp","href":"https:\/\/api.w.org\/{rel}","templated":true}]}}