{"id":1026,"date":"2014-10-28T14:35:01","date_gmt":"2014-10-28T12:35:01","guid":{"rendered":"http:\/\/bozkurtotomat.com\/?page_id=1026"},"modified":"2019-04-04T11:21:39","modified_gmt":"2019-04-04T08:21:39","slug":"iletisim","status":"publish","type":"page","link":"https:\/\/bozkurtotomat.com\/?page_id=1026","title":{"rendered":"\u0130leti\u015fim"},"content":{"rendered":"<p>[vc_row][vc_column][vc_gmaps link=&#8221;#E-8_JTNDaWZyYW1lJTIwc3JjJTNEJTIyaHR0cHMlM0ElMkYlMkZ3d3cuZ29vZ2xlLmNvbSUyRm1hcHMlMkZlbWJlZCUzRnBiJTNEJTIxMW0xNCUyMTFtOCUyMTFtMyUyMTFkMzA0Ni4yOTgyNjkzNTMxNDE3JTIxMmQyOC45NDM2NTU5OTk5OTk5OTclMjEzZDQwLjIyNDY2OTk5OTk5OTk5NiUyMTNtMiUyMTFpMTAyNCUyMTJpNzY4JTIxNGYxMy4xJTIxM20zJTIxMW0yJTIxMXMweDE0Y2ExNDIxY2RjY2RkZmQlMjUzQTB4ZTU2NzdlNjY2ZjkxNTAzOSUyMTJzQm96a3VydCUyQk90b21hdCUyMTVlMCUyMTNtMiUyMTFzdHIlMjEycyUyMTR2MTQyODAxMTIwNzk0MyUyMiUyMHdpZHRoJTNEJTIyNjAwJTIyJTIwaGVpZ2h0JTNEJTIyNDUwJTIyJTIwZnJhbWVib3JkZXIlM0QlMjIwJTIyJTIwc3R5bGUlM0QlMjJib3JkZXIlM0EwJTIyJTNFJTNDJTJGaWZyYW1lJTNF&#8221;][\/vc_column][\/vc_row][vc_row][vc_column width=&#8221;1\/2&#8243;][contact-form-7 id=&#8221;1024&#8243;][\/vc_column][vc_column width=&#8221;1\/2&#8243;][vc_column_text]<strong>BOZKURT OTOMAT MAK\u0130NE VE OTOMOT\u0130V YAN SANAY\u0130<\/strong><\/p>\n<p>Adres: OSB. 75. Y\u0131l Bulvar\u0131 Demirciler Sitesi H Blok No: 19 16140<br \/>\nNil\u00fcfer BURSA \/ T\u00dcRK\u0130YE<br \/>\nTelefon : +90 (224) 241 41 26<br \/>\nFaks \u00a0 \u00a0 \u00a0: +90 (224) 241 41 66[\/vc_column_text][\/vc_column][\/vc_row]<\/p>\n","protected":false},"excerpt":{"rendered":"<p>[vc_row][vc_column][vc_gmaps link=&#8221;#E-8_JTNDaWZyYW1lJTIwc3JjJTNEJTIyaHR0cHMlM0ElMkYlMkZ3d3cuZ29vZ2xlLmNvbSUyRm1hcHMlMkZlbWJlZCUzRnBiJTNEJTIxMW0xNCUyMTFtOCUyMTFtMyUyMTFkMzA0Ni4yOTgyNjkzNTMxNDE3JTIxMmQyOC45NDM2NTU5OTk5OTk5OTclMjEzZDQwLjIyNDY2OTk5OTk5OTk5NiUyMTNtMiUyMTFpMTAyNCUyMTJpNzY4JTIxNGYxMy4xJTIxM20zJTIxMW0yJTIxMXMweDE0Y2ExNDIxY2RjY2RkZmQlMjUzQTB4ZTU2NzdlNjY2ZjkxNTAzOSUyMTJzQm96a3VydCUyQk90b21hdCUyMTVlMCUyMTNtMiUyMTFzdHIlMjEycyUyMTR2MTQyODAxMTIwNzk0MyUyMiUyMHdpZHRoJTNEJTIyNjAwJTIyJTIwaGVpZ2h0JTNEJTIyNDUwJTIyJTIwZnJhbWVib3JkZXIlM0QlMjIwJTIyJTIwc3R5bGUlM0QlMjJib3JkZXIlM0EwJTIyJTNFJTNDJTJGaWZyYW1lJTNF&#8221;][\/vc_column][\/vc_row][vc_row][vc_column width=&#8221;1\/2&#8243;][contact-form-7 id=&#8221;1024&#8243;][\/vc_column][vc_column width=&#8221;1\/2&#8243;][vc_column_text]BOZKURT OTOMAT MAK\u0130NE VE OTOMOT\u0130V YAN SANAY\u0130 Adres: OSB. 75. Y\u0131l Bulvar\u0131 Demirciler Sitesi H Blok No: 19 16140 Nil\u00fcfer BURSA \/ T\u00dcRK\u0130YE Telefon : +90 (224) 241 41 26 Faks \u00a0 \u00a0 \u00a0: +90 (224) 241 41 66[\/vc_column_text][\/vc_column][\/vc_row]<\/p>\n","protected":false},"author":1,"featured_media":0,"parent":0,"menu_order":0,"comment_status":"closed","ping_status":"closed","template":"","meta":[],"_links":{"self":[{"href":"https:\/\/bozkurtotomat.com\/index.php?rest_route=\/wp\/v2\/pages\/1026"}],"collection":[{"href":"https:\/\/bozkurtotomat.com\/index.php?rest_route=\/wp\/v2\/pages"}],"about":[{"href":"https:\/\/bozkurtotomat.com\/index.php?rest_route=\/wp\/v2\/types\/page"}],"author":[{"embeddable":true,"href":"https:\/\/bozkurtotomat.com\/index.php?rest_route=\/wp\/v2\/users\/1"}],"replies":[{"embeddable":true,"href":"https:\/\/bozkurtotomat.com\/index.php?rest_route=%2Fwp%2Fv2%2Fcomments&post=1026"}],"version-history":[{"count":11,"href":"https:\/\/bozkurtotomat.com\/index.php?rest_route=\/wp\/v2\/pages\/1026\/revisions"}],"predecessor-version":[{"id":1136,"href":"https:\/\/bozkurtotomat.com\/index.php?rest_route=\/wp\/v2\/pages\/1026\/revisions\/1136"}],"wp:attachment":[{"href":"https:\/\/bozkurtotomat.com\/index.php?rest_route=%2Fwp%2Fv2%2Fmedia&parent=1026"}],"curies":[{"name":"wp","href":"https:\/\/api.w.org\/{rel}","templated":true}]}}